{"id":895,"date":"2022-08-17T09:29:56","date_gmt":"2022-08-17T09:29:56","guid":{"rendered":"https:\/\/renewel.fi\/?page_id=895"},"modified":"2024-09-12T12:51:09","modified_gmt":"2024-09-12T12:51:09","slug":"projects","status":"publish","type":"page","link":"https:\/\/renewel.fi\/fi\/projects\/","title":{"rendered":"Ajankohtaista"},"content":{"rendered":"<div data-elementor-type=\"wp-page\" data-elementor-id=\"895\" class=\"elementor elementor-895\">\n\t\t\t\t\t\t\t\t\t<section class=\"elementor-section elementor-top-section elementor-element elementor-element-3f44392 elementor-section-boxed elementor-section-height-default elementor-section-height-default\" data-id=\"3f44392\" data-element_type=\"section\">\n\t\t\t\t\t\t<div class=\"elementor-container elementor-column-gap-default\">\n\t\t\t\t\t<div class=\"elementor-column elementor-col-100 elementor-top-column elementor-element elementor-element-519c5a5\" data-id=\"519c5a5\" data-element_type=\"column\">\n\t\t\t<div class=\"elementor-widget-wrap elementor-element-populated\">\n\t\t\t\t\t\t\t\t<div class=\"elementor-element elementor-element-e9b3118 elementor-widget elementor-widget-heading\" data-id=\"e9b3118\" data-element_type=\"widget\" data-widget_type=\"heading.default\">\n\t\t\t\t<div class=\"elementor-widget-container\">\n\t\t\t<style>\/*! elementor - v3.7.8 - 02-10-2022 *\/\n.elementor-heading-title{padding:0;margin:0;line-height:1}.elementor-widget-heading .elementor-heading-title[class*=elementor-size-]>a{color:inherit;font-size:inherit;line-height:inherit}.elementor-widget-heading .elementor-heading-title.elementor-size-small{font-size:15px}.elementor-widget-heading .elementor-heading-title.elementor-size-medium{font-size:19px}.elementor-widget-heading .elementor-heading-title.elementor-size-large{font-size:29px}.elementor-widget-heading .elementor-heading-title.elementor-size-xl{font-size:39px}.elementor-widget-heading .elementor-heading-title.elementor-size-xxl{font-size:59px}<\/style><h2 class=\"elementor-heading-title elementor-size-xl\">Ajankohtaista<\/h2>\t\t<\/div>\n\t\t\t\t<\/div>\n\t\t\t\t\t<\/div>\n\t\t<\/div>\n\t\t\t\t\t\t\t<\/div>\n\t\t<\/section>\n\t\t\t\t<section class=\"elementor-section elementor-top-section elementor-element elementor-element-bee89b9 elementor-section-boxed elementor-section-height-default elementor-section-height-default\" data-id=\"bee89b9\" data-element_type=\"section\">\n\t\t\t\t\t\t<div class=\"elementor-container elementor-column-gap-default\">\n\t\t\t\t\t<div class=\"elementor-column elementor-col-100 elementor-top-column elementor-element elementor-element-b4324ce\" data-id=\"b4324ce\" data-element_type=\"column\">\n\t\t\t<div class=\"elementor-widget-wrap elementor-element-populated\">\n\t\t\t\t\t\t\t\t<div class=\"elementor-element elementor-element-111b543 elementor-widget elementor-widget-spacer\" data-id=\"111b543\" data-element_type=\"widget\" data-widget_type=\"spacer.default\">\n\t\t\t\t<div class=\"elementor-widget-container\">\n\t\t\t<style>\/*! elementor - v3.7.8 - 02-10-2022 *\/\n.elementor-column .elementor-spacer-inner{height:var(--spacer-size)}.e-container{--container-widget-width:100%}.e-container>.elementor-widget-spacer{width:var(--container-widget-width,var(--spacer-size));-ms-flex-item-align:stretch;align-self:stretch;-ms-flex-negative:0;flex-shrink:0}.e-container>.elementor-widget-spacer>.elementor-widget-container,.e-container>.elementor-widget-spacer>.elementor-widget-container>.elementor-spacer{height:100%}.e-container>.elementor-widget-spacer>.elementor-widget-container>.elementor-spacer>.elementor-spacer-inner{height:var(--container-widget-height,var(--spacer-size))}<\/style>\t\t<div class=\"elementor-spacer\">\n\t\t\t<div class=\"elementor-spacer-inner\"><\/div>\n\t\t<\/div>\n\t\t\t\t<\/div>\n\t\t\t\t<\/div>\n\t\t\t\t\t<\/div>\n\t\t<\/div>\n\t\t\t\t\t\t\t<\/div>\n\t\t<\/section>\n\t\t\t\t<section class=\"elementor-section elementor-top-section elementor-element elementor-element-d9171f0 elementor-section-boxed elementor-section-height-default elementor-section-height-default\" data-id=\"d9171f0\" data-element_type=\"section\">\n\t\t\t\t\t\t<div class=\"elementor-container elementor-column-gap-default\">\n\t\t\t\t\t<div class=\"elementor-column elementor-col-100 elementor-top-column elementor-element elementor-element-887f3d4\" data-id=\"887f3d4\" data-element_type=\"column\">\n\t\t\t<div class=\"elementor-widget-wrap elementor-element-populated\">\n\t\t\t\t\t\t\t\t<div class=\"elementor-element elementor-element-ffc09e5 elementor-widget elementor-widget-heading\" data-id=\"ffc09e5\" data-element_type=\"widget\" data-widget_type=\"heading.default\">\n\t\t\t\t<div class=\"elementor-widget-container\">\n\t\t\t<h2 class=\"elementor-heading-title elementor-size-large\">Pensala PV project<\/h2>\t\t<\/div>\n\t\t\t\t<\/div>\n\t\t\t\t\t<\/div>\n\t\t<\/div>\n\t\t\t\t\t\t\t<\/div>\n\t\t<\/section>\n\t\t\t\t<section class=\"elementor-section elementor-top-section elementor-element elementor-element-7a867c1 elementor-section-boxed elementor-section-height-default elementor-section-height-default\" data-id=\"7a867c1\" data-element_type=\"section\">\n\t\t\t\t\t\t<div class=\"elementor-container elementor-column-gap-default\">\n\t\t\t\t\t<div class=\"elementor-column elementor-col-50 elementor-top-column elementor-element elementor-element-ee83f4e\" data-id=\"ee83f4e\" data-element_type=\"column\">\n\t\t\t<div class=\"elementor-widget-wrap elementor-element-populated\">\n\t\t\t\t\t\t\t\t<div class=\"elementor-element elementor-element-a744af1 elementor-widget elementor-widget-text-editor\" data-id=\"a744af1\" data-element_type=\"widget\" data-widget_type=\"text-editor.default\">\n\t\t\t\t<div class=\"elementor-widget-container\">\n\t\t\t<style>\/*! elementor - v3.7.8 - 02-10-2022 *\/\n.elementor-widget-text-editor.elementor-drop-cap-view-stacked .elementor-drop-cap{background-color:#818a91;color:#fff}.elementor-widget-text-editor.elementor-drop-cap-view-framed .elementor-drop-cap{color:#818a91;border:3px solid;background-color:transparent}.elementor-widget-text-editor:not(.elementor-drop-cap-view-default) .elementor-drop-cap{margin-top:8px}.elementor-widget-text-editor:not(.elementor-drop-cap-view-default) .elementor-drop-cap-letter{width:1em;height:1em}.elementor-widget-text-editor .elementor-drop-cap{float:left;text-align:center;line-height:1;font-size:50px}.elementor-widget-text-editor .elementor-drop-cap-letter{display:inline-block}<\/style>\t\t\t\t<p>P\u00e5 detta farmomr\u00e5de i Pensala skall \u00d6sterbottens f\u00f6rsta industriella solpark byggas. Parken p\u00e5 2 MW har beviljats bygglov och elanslutningsavtal finns. Uppst\u00e4dningen av omr\u00e5det har slutf\u00f6rts.\u00a0<\/p><p>\u00a0<\/p>\t\t\t\t\t\t<\/div>\n\t\t\t\t<\/div>\n\t\t\t\t\t<\/div>\n\t\t<\/div>\n\t\t\t\t<div class=\"elementor-column elementor-col-50 elementor-top-column elementor-element elementor-element-a2653f3\" data-id=\"a2653f3\" data-element_type=\"column\">\n\t\t\t<div class=\"elementor-widget-wrap elementor-element-populated\">\n\t\t\t\t\t\t\t\t<div class=\"elementor-element elementor-element-62888f8 elementor-widget elementor-widget-image\" data-id=\"62888f8\" data-element_type=\"widget\" data-widget_type=\"image.default\">\n\t\t\t\t<div class=\"elementor-widget-container\">\n\t\t\t<style>\/*! elementor - v3.7.8 - 02-10-2022 *\/\n.elementor-widget-image{text-align:center}.elementor-widget-image a{display:inline-block}.elementor-widget-image a img[src$=\".svg\"]{width:48px}.elementor-widget-image img{vertical-align:middle;display:inline-block}<\/style>\t\t\t\t\t\t\t\t\t\t\t\t<img width=\"1024\" height=\"768\" src=\"https:\/\/renewel.fi\/wp-content\/uploads\/2022\/08\/20220728_130458-1-1024x768.jpg\" class=\"attachment-large size-large\" alt=\"\" loading=\"lazy\" srcset=\"https:\/\/renewel.fi\/wp-content\/uploads\/2022\/08\/20220728_130458-1-1024x768.jpg 1024w, https:\/\/renewel.fi\/wp-content\/uploads\/2022\/08\/20220728_130458-1-300x225.jpg 300w, https:\/\/renewel.fi\/wp-content\/uploads\/2022\/08\/20220728_130458-1-768x576.jpg 768w, https:\/\/renewel.fi\/wp-content\/uploads\/2022\/08\/20220728_130458-1-1536x1152.jpg 1536w, https:\/\/renewel.fi\/wp-content\/uploads\/2022\/08\/20220728_130458-1-2048x1536.jpg 2048w, https:\/\/renewel.fi\/wp-content\/uploads\/2022\/08\/20220728_130458-1-16x12.jpg 16w\" sizes=\"(max-width: 1024px) 100vw, 1024px\" \/>\t\t\t\t\t\t\t\t\t\t\t\t\t\t\t<\/div>\n\t\t\t\t<\/div>\n\t\t\t\t\t<\/div>\n\t\t<\/div>\n\t\t\t\t\t\t\t<\/div>\n\t\t<\/section>\n\t\t\t\t<section class=\"elementor-section elementor-top-section elementor-element elementor-element-073f28d elementor-section-boxed elementor-section-height-default elementor-section-height-default\" data-id=\"073f28d\" data-element_type=\"section\">\n\t\t\t\t\t\t<div class=\"elementor-container elementor-column-gap-default\">\n\t\t\t\t\t<div class=\"elementor-column elementor-col-100 elementor-top-column elementor-element elementor-element-7aec774\" data-id=\"7aec774\" data-element_type=\"column\">\n\t\t\t<div class=\"elementor-widget-wrap elementor-element-populated\">\n\t\t\t\t\t\t\t\t<section class=\"elementor-section elementor-inner-section elementor-element elementor-element-a49827a elementor-section-boxed elementor-section-height-default elementor-section-height-default\" data-id=\"a49827a\" data-element_type=\"section\">\n\t\t\t\t\t\t<div class=\"elementor-container elementor-column-gap-default\">\n\t\t\t\t\t<div class=\"elementor-column elementor-col-50 elementor-inner-column elementor-element elementor-element-f76a3de\" data-id=\"f76a3de\" data-element_type=\"column\">\n\t\t\t<div class=\"elementor-widget-wrap elementor-element-populated\">\n\t\t\t\t\t\t\t\t<div class=\"elementor-element elementor-element-f7a09e7 elementor-widget elementor-widget-image\" data-id=\"f7a09e7\" data-element_type=\"widget\" data-widget_type=\"image.default\">\n\t\t\t\t<div class=\"elementor-widget-container\">\n\t\t\t\t\t\t\t\t\t\t\t\t\t\t\t<img width=\"756\" height=\"386\" src=\"https:\/\/renewel.fi\/wp-content\/uploads\/2023\/02\/Pensala-solpark-bilder-3.jpg\" class=\"attachment-large size-large\" alt=\"Pensala\" loading=\"lazy\" srcset=\"https:\/\/renewel.fi\/wp-content\/uploads\/2023\/02\/Pensala-solpark-bilder-3.jpg 756w, https:\/\/renewel.fi\/wp-content\/uploads\/2023\/02\/Pensala-solpark-bilder-3-300x153.jpg 300w, https:\/\/renewel.fi\/wp-content\/uploads\/2023\/02\/Pensala-solpark-bilder-3-18x9.jpg 18w\" sizes=\"(max-width: 756px) 100vw, 756px\" \/>\t\t\t\t\t\t\t\t\t\t\t\t\t\t\t<\/div>\n\t\t\t\t<\/div>\n\t\t\t\t\t<\/div>\n\t\t<\/div>\n\t\t\t\t<div class=\"elementor-column elementor-col-50 elementor-inner-column elementor-element elementor-element-fb2c66e\" data-id=\"fb2c66e\" data-element_type=\"column\">\n\t\t\t<div class=\"elementor-widget-wrap elementor-element-populated\">\n\t\t\t\t\t\t\t\t<div class=\"elementor-element elementor-element-a5a013d elementor-widget elementor-widget-text-editor\" data-id=\"a5a013d\" data-element_type=\"widget\" data-widget_type=\"text-editor.default\">\n\t\t\t\t<div class=\"elementor-widget-container\">\n\t\t\t\t\t\t\t<p>Gamla p\u00e4lsfarmer l\u00e4mpar sig ypperligt f\u00f6r solkraftsproduktion. Marken \u00e4r ofta f\u00f6rorenad och l\u00e4mpar sig d\u00e4rf\u00f6r d\u00e5ligt f\u00f6r andra anv\u00e4ndnings\u00e4ndam\u00e5l. Underlaget \u00e4r dessutom vanligen j\u00e4mnt och omr\u00e5det \u00e4r fritt fr\u00e5n tr\u00e4d och andra st\u00f6rre byggnader som orsakar skuggning<\/p>\t\t\t\t\t\t<\/div>\n\t\t\t\t<\/div>\n\t\t\t\t\t<\/div>\n\t\t<\/div>\n\t\t\t\t\t\t\t<\/div>\n\t\t<\/section>\n\t\t\t\t\t<\/div>\n\t\t<\/div>\n\t\t\t\t\t\t\t<\/div>\n\t\t<\/section>\n\t\t\t\t\t\t\t<\/div>","protected":false},"excerpt":{"rendered":"<p>Aktuellt Pensala PV project P\u00e5 detta farmomr\u00e5de i Pensala skall \u00d6sterbottens f\u00f6rsta industriella solpark byggas. Parken p\u00e5 2 MW har beviljats bygglov och elanslutningsavtal finns. Uppst\u00e4dningen av omr\u00e5det har slutf\u00f6rts.\u00a0 \u00a0 Gamla p\u00e4lsfarmer l\u00e4mpar sig ypperligt f\u00f6r solkraftsproduktion. Marken \u00e4r ofta f\u00f6rorenad och l\u00e4mpar sig d\u00e4rf\u00f6r d\u00e5ligt f\u00f6r andra anv\u00e4ndnings\u00e4ndam\u00e5l. Underlaget \u00e4r dessutom vanligen j\u00e4mnt [&hellip;]<\/p>","protected":false},"author":1,"featured_media":0,"parent":0,"menu_order":0,"comment_status":"closed","ping_status":"closed","template":"","meta":[],"_links":{"self":[{"href":"https:\/\/renewel.fi\/fi\/wp-json\/wp\/v2\/pages\/895"}],"collection":[{"href":"https:\/\/renewel.fi\/fi\/wp-json\/wp\/v2\/pages"}],"about":[{"href":"https:\/\/renewel.fi\/fi\/wp-json\/wp\/v2\/types\/page"}],"author":[{"embeddable":true,"href":"https:\/\/renewel.fi\/fi\/wp-json\/wp\/v2\/users\/1"}],"replies":[{"embeddable":true,"href":"https:\/\/renewel.fi\/fi\/wp-json\/wp\/v2\/comments?post=895"}],"version-history":[{"count":102,"href":"https:\/\/renewel.fi\/fi\/wp-json\/wp\/v2\/pages\/895\/revisions"}],"predecessor-version":[{"id":1635,"href":"https:\/\/renewel.fi\/fi\/wp-json\/wp\/v2\/pages\/895\/revisions\/1635"}],"wp:attachment":[{"href":"https:\/\/renewel.fi\/fi\/wp-json\/wp\/v2\/media?parent=895"}],"curies":[{"name":"wp","href":"https:\/\/api.w.org\/{rel}","templated":true}]}}