{"id":161,"date":"2016-10-25T15:19:54","date_gmt":"2016-10-25T15:19:54","guid":{"rendered":"http:\/\/lawyer2.mythemecloud.io\/?page_id=161"},"modified":"2024-09-12T13:15:13","modified_gmt":"2024-09-12T13:15:13","slug":"home","status":"publish","type":"page","link":"https:\/\/renewel.fi\/fi\/","title":{"rendered":"Alkuun"},"content":{"rendered":"<div data-elementor-type=\"wp-post\" data-elementor-id=\"161\" class=\"elementor elementor-161\">\n\t\t\t\t\t\t\t\t\t<section class=\"elementor-section elementor-top-section elementor-element elementor-element-q0x262l elementor-section-height-min-height elementor-section-boxed elementor-section-height-default elementor-section-items-middle\" data-id=\"q0x262l\" data-element_type=\"section\" data-settings=\"{&quot;background_background&quot;:&quot;classic&quot;}\">\n\t\t\t\t\t\t\t<div class=\"elementor-background-overlay\"><\/div>\n\t\t\t\t\t\t\t<div class=\"elementor-container elementor-column-gap-default\">\n\t\t\t\t\t<div class=\"elementor-column elementor-col-100 elementor-top-column elementor-element elementor-element-biy7ig8\" data-id=\"biy7ig8\" data-element_type=\"column\">\n\t\t\t<div class=\"elementor-widget-wrap elementor-element-populated\">\n\t\t\t\t\t\t\t\t<div class=\"elementor-element elementor-element-9kuff4d elementor-widget__width-initial elementor-invisible elementor-widget elementor-widget-text-editor\" data-id=\"9kuff4d\" data-element_type=\"widget\" data-settings=\"{&quot;_animation&quot;:&quot;fadeInDown&quot;}\" data-widget_type=\"text-editor.default\">\n\t\t\t\t<div class=\"elementor-widget-container\">\n\t\t\t<style>\/*! elementor - v3.7.8 - 02-10-2022 *\/\n.elementor-widget-text-editor.elementor-drop-cap-view-stacked .elementor-drop-cap{background-color:#818a91;color:#fff}.elementor-widget-text-editor.elementor-drop-cap-view-framed .elementor-drop-cap{color:#818a91;border:3px solid;background-color:transparent}.elementor-widget-text-editor:not(.elementor-drop-cap-view-default) .elementor-drop-cap{margin-top:8px}.elementor-widget-text-editor:not(.elementor-drop-cap-view-default) .elementor-drop-cap-letter{width:1em;height:1em}.elementor-widget-text-editor .elementor-drop-cap{float:left;text-align:center;line-height:1;font-size:50px}.elementor-widget-text-editor .elementor-drop-cap-letter{display:inline-block}<\/style>\t\t\t\t<p>\u00a0<\/p><p><a href=\"https:\/\/renewel.fi\/fi\/contact\/\"><span style=\"text-decoration: underline;\">Ota yhteytt\u00e4<\/span><\/a><\/p>\t\t\t\t\t\t<\/div>\n\t\t\t\t<\/div>\n\t\t\t\t\t<\/div>\n\t\t<\/div>\n\t\t\t\t\t\t\t<\/div>\n\t\t<\/section>\n\t\t\t\t<section class=\"elementor-section elementor-top-section elementor-element elementor-element-17e38c0 elementor-section-boxed elementor-section-height-default elementor-section-height-default\" data-id=\"17e38c0\" data-element_type=\"section\">\n\t\t\t\t\t\t<div class=\"elementor-container elementor-column-gap-custom\">\n\t\t\t\t\t<div class=\"elementor-column elementor-col-100 elementor-top-column elementor-element elementor-element-fe875a2\" data-id=\"fe875a2\" data-element_type=\"column\">\n\t\t\t<div class=\"elementor-widget-wrap elementor-element-populated\">\n\t\t\t\t\t\t\t\t<div class=\"elementor-element elementor-element-f15a41e elementor-widget__width-initial elementor-widget elementor-widget-text-editor\" data-id=\"f15a41e\" data-element_type=\"widget\" data-widget_type=\"text-editor.default\">\n\t\t\t\t<div class=\"elementor-widget-container\">\n\t\t\t\t\t\t\t<p style=\"font-variant-ligatures: normal; font-variant-caps: normal; font-family: Asap, sans-serif; font-size: 14px; font-style: normal; font-weight: 400;\">Renewel Oy erbjuder vi tv\u00e5 modeller f\u00f6r byggande<span style=\"font-variant-ligatures: normal; font-variant-caps: normal; font-family: Asap, sans-serif; font-size: 14px; font-style: normal; font-weight: 400; color: var( --e-global-color-text );\">&nbsp;av solparker, anpassade efter v\u00e5ra kunders behov:<\/span><\/p>\t\t\t\t\t\t<\/div>\n\t\t\t\t<\/div>\n\t\t\t\t\t<\/div>\n\t\t<\/div>\n\t\t\t\t\t\t\t<\/div>\n\t\t<\/section>\n\t\t\t\t<section class=\"elementor-section elementor-top-section elementor-element elementor-element-ed2aa09 elementor-section-boxed elementor-section-height-default elementor-section-height-default\" data-id=\"ed2aa09\" data-element_type=\"section\">\n\t\t\t\t\t\t<div class=\"elementor-container elementor-column-gap-default\">\n\t\t\t\t\t<div class=\"elementor-column elementor-col-50 elementor-top-column elementor-element elementor-element-dea7a0b\" data-id=\"dea7a0b\" data-element_type=\"column\">\n\t\t\t<div class=\"elementor-widget-wrap elementor-element-populated\">\n\t\t\t\t\t\t\t\t<div class=\"elementor-element elementor-element-89bc3f1 elementor-widget elementor-widget-text-editor\" data-id=\"89bc3f1\" data-element_type=\"widget\" data-widget_type=\"text-editor.default\">\n\t\t\t\t<div class=\"elementor-widget-container\">\n\t\t\t\t\t\t\t<p><span style=\"font-variant-ligatures: normal; font-variant-caps: normal; font-family: Asap, sans-serif; font-size: 14px; font-style: normal; font-weight: bold; text-align: center;\">EPC<\/span><\/p><p><span style=\"font-variant-ligatures: normal; font-variant-caps: normal; font-family: Asap, sans-serif; font-size: 14px; font-style: normal; font-weight: 400; text-align: center;\">(Engineering, Procurement, Construction): I denna modell tar vi fullt ansvar f\u00f6r hela processen fr\u00e5n b\u00f6rjan till slut. Vi designar, planerar och bygger solparken och levererar en nyckelf\u00e4rdig anl\u00e4ggning till slutkunden. All fakturering fr\u00e5n underleverant\u00f6rer g\u00e5r genom oss, vilket inneb\u00e4r att vi tar kostnadsansvar och garanterar att projektet levereras i tid och inom budget.<\/span><\/p>\t\t\t\t\t\t<\/div>\n\t\t\t\t<\/div>\n\t\t\t\t\t<\/div>\n\t\t<\/div>\n\t\t\t\t<div class=\"elementor-column elementor-col-50 elementor-top-column elementor-element elementor-element-f982d8c\" data-id=\"f982d8c\" data-element_type=\"column\">\n\t\t\t<div class=\"elementor-widget-wrap elementor-element-populated\">\n\t\t\t\t\t\t\t\t<div class=\"elementor-element elementor-element-7832248 elementor-widget elementor-widget-text-editor\" data-id=\"7832248\" data-element_type=\"widget\" data-widget_type=\"text-editor.default\">\n\t\t\t\t<div class=\"elementor-widget-container\">\n\t\t\t\t\t\t\t<p><span style=\"font-variant-ligatures: normal; font-variant-caps: normal; font-family: Asap, sans-serif; font-size: 14px; font-style: normal; font-weight: bold; text-align: center;\">EPCM<\/span><\/p><p><span style=\"font-variant-ligatures: normal; font-variant-caps: normal; font-family: Asap, sans-serif; font-size: 14px; font-style: normal; font-weight: 400; text-align: center;\">(Engineering, Procurement, Construction, Management): H\u00e4r agerar vi som kundens f\u00f6rl\u00e4ngda arm, d\u00e4r vi leder och \u00f6vervakar projektet medan kunden beh\u00e5ller det ekonomiska ansvaret. Vi ser till att projektet genomf\u00f6rs effektivt och kostnadseffektivt. V\u00e5rt m\u00e5l \u00e4r att skapa ett samarbete d\u00e4r b\u00e5de vi och kunden har ett gemensamt intresse i att slutf\u00f6ra projektet framg\u00e5ngsrikt.<\/span><\/p>\t\t\t\t\t\t<\/div>\n\t\t\t\t<\/div>\n\t\t\t\t\t<\/div>\n\t\t<\/div>\n\t\t\t\t\t\t\t<\/div>\n\t\t<\/section>\n\t\t\t\t<section class=\"elementor-section elementor-top-section elementor-element elementor-element-7e5a0b3 elementor-section-boxed elementor-section-height-default elementor-section-height-default\" data-id=\"7e5a0b3\" data-element_type=\"section\">\n\t\t\t\t\t\t<div class=\"elementor-container elementor-column-gap-default\">\n\t\t\t\t\t<div class=\"elementor-column elementor-col-100 elementor-top-column elementor-element elementor-element-26aa9cb\" data-id=\"26aa9cb\" data-element_type=\"column\">\n\t\t\t<div class=\"elementor-widget-wrap elementor-element-populated\">\n\t\t\t\t\t\t\t\t<div class=\"elementor-element elementor-element-8a1aa8f elementor-widget elementor-widget-spacer\" data-id=\"8a1aa8f\" data-element_type=\"widget\" data-widget_type=\"spacer.default\">\n\t\t\t\t<div class=\"elementor-widget-container\">\n\t\t\t<style>\/*! elementor - v3.7.8 - 02-10-2022 *\/\n.elementor-column .elementor-spacer-inner{height:var(--spacer-size)}.e-container{--container-widget-width:100%}.e-container>.elementor-widget-spacer{width:var(--container-widget-width,var(--spacer-size));-ms-flex-item-align:stretch;align-self:stretch;-ms-flex-negative:0;flex-shrink:0}.e-container>.elementor-widget-spacer>.elementor-widget-container,.e-container>.elementor-widget-spacer>.elementor-widget-container>.elementor-spacer{height:100%}.e-container>.elementor-widget-spacer>.elementor-widget-container>.elementor-spacer>.elementor-spacer-inner{height:var(--container-widget-height,var(--spacer-size))}<\/style>\t\t<div class=\"elementor-spacer\">\n\t\t\t<div class=\"elementor-spacer-inner\"><\/div>\n\t\t<\/div>\n\t\t\t\t<\/div>\n\t\t\t\t<\/div>\n\t\t\t\t\t<\/div>\n\t\t<\/div>\n\t\t\t\t\t\t\t<\/div>\n\t\t<\/section>\n\t\t\t\t<section class=\"elementor-section elementor-top-section elementor-element elementor-element-30beb72 elementor-section-boxed elementor-section-height-default elementor-section-height-default\" data-id=\"30beb72\" data-element_type=\"section\">\n\t\t\t\t\t\t<div class=\"elementor-container elementor-column-gap-custom\">\n\t\t\t\t\t<div class=\"elementor-column elementor-col-33 elementor-top-column elementor-element elementor-element-60f18ff\" data-id=\"60f18ff\" data-element_type=\"column\" data-settings=\"{&quot;background_background&quot;:&quot;gradient&quot;}\">\n\t\t\t<div class=\"elementor-widget-wrap elementor-element-populated\">\n\t\t\t\t\t\t\t\t<div class=\"elementor-element elementor-element-035fc2d elementor-view-default elementor-widget elementor-widget-icon\" data-id=\"035fc2d\" data-element_type=\"widget\" data-widget_type=\"icon.default\">\n\t\t\t\t<div class=\"elementor-widget-container\">\n\t\t\t\t\t<div class=\"elementor-icon-wrapper\">\n\t\t\t<div class=\"elementor-icon\">\n\t\t\t<i aria-hidden=\"true\" class=\"fas fa-hands-helping\"><\/i>\t\t\t<\/div>\n\t\t<\/div>\n\t\t\t\t<\/div>\n\t\t\t\t<\/div>\n\t\t\t\t<div class=\"elementor-element elementor-element-eaacdc0 elementor-widget elementor-widget-text-editor\" data-id=\"eaacdc0\" data-element_type=\"widget\" data-widget_type=\"text-editor.default\">\n\t\t\t\t<div class=\"elementor-widget-container\">\n\t\t\t\t\t\t\t<p><b>P\u00e5litlighet<\/b><\/p>\n<p><span style=\"font-family: Asap, sans-serif; font-size: 20px; font-style: normal; font-variant-ligatures: normal; font-variant-caps: normal; font-weight: 400;\">Vi tror p\u00e5 att jobba \u00f6ppet och \u00e4rligt f\u00f6r att skapa en f\u00f6rtroendefull relation mellan leverant\u00f6r och kund.<\/span><br><\/p>\t\t\t\t\t\t<\/div>\n\t\t\t\t<\/div>\n\t\t\t\t\t<\/div>\n\t\t<\/div>\n\t\t\t\t<div class=\"elementor-column elementor-col-33 elementor-top-column elementor-element elementor-element-e2f2396\" data-id=\"e2f2396\" data-element_type=\"column\" data-settings=\"{&quot;background_background&quot;:&quot;gradient&quot;}\">\n\t\t\t<div class=\"elementor-widget-wrap elementor-element-populated\">\n\t\t\t\t\t\t\t\t<div class=\"elementor-element elementor-element-960ddc3 elementor-view-default elementor-widget elementor-widget-icon\" data-id=\"960ddc3\" data-element_type=\"widget\" data-widget_type=\"icon.default\">\n\t\t\t\t<div class=\"elementor-widget-container\">\n\t\t\t\t\t<div class=\"elementor-icon-wrapper\">\n\t\t\t<div class=\"elementor-icon\">\n\t\t\t<i aria-hidden=\"true\" class=\"fas fa-tools\"><\/i>\t\t\t<\/div>\n\t\t<\/div>\n\t\t\t\t<\/div>\n\t\t\t\t<\/div>\n\t\t\t\t<div class=\"elementor-element elementor-element-37fdcdd elementor-widget elementor-widget-text-editor\" data-id=\"37fdcdd\" data-element_type=\"widget\" data-widget_type=\"text-editor.default\">\n\t\t\t\t<div class=\"elementor-widget-container\">\n\t\t\t\t\t\t\t<p><b>Flexibel service<\/b><\/p>\n<p>Vi anpassar v\u00e5r service enligt kundens behov. I v\u00e5rt team ing\u00e5r experter med erfarenhet inom jordbyggnad, byggnad, elteknik samt projektutveckling inom solkraftsbranschen.<\/p>\t\t\t\t\t\t<\/div>\n\t\t\t\t<\/div>\n\t\t\t\t\t<\/div>\n\t\t<\/div>\n\t\t\t\t<div class=\"elementor-column elementor-col-33 elementor-top-column elementor-element elementor-element-5d6d6c0\" data-id=\"5d6d6c0\" data-element_type=\"column\" data-settings=\"{&quot;background_background&quot;:&quot;gradient&quot;}\">\n\t\t\t<div class=\"elementor-widget-wrap elementor-element-populated\">\n\t\t\t\t\t\t\t\t<div class=\"elementor-element elementor-element-6459652 elementor-view-default elementor-widget elementor-widget-icon\" data-id=\"6459652\" data-element_type=\"widget\" data-widget_type=\"icon.default\">\n\t\t\t\t<div class=\"elementor-widget-container\">\n\t\t\t\t\t<div class=\"elementor-icon-wrapper\">\n\t\t\t<div class=\"elementor-icon\">\n\t\t\t<i aria-hidden=\"true\" class=\"fas fa-chart-line\"><\/i>\t\t\t<\/div>\n\t\t<\/div>\n\t\t\t\t<\/div>\n\t\t\t\t<\/div>\n\t\t\t\t<div class=\"elementor-element elementor-element-d1e2c5e elementor-widget elementor-widget-text-editor\" data-id=\"d1e2c5e\" data-element_type=\"widget\" data-widget_type=\"text-editor.default\">\n\t\t\t\t<div class=\"elementor-widget-container\">\n\t\t\t\t\t\t\t<p><strong>Kostnadseffektivitet<\/strong><\/p>\n<p>Kostnadseffektivitet \u00e4r n\u00f6dv\u00e4ndigt f\u00f6r genomf\u00f6randet av den gr\u00f6na omst\u00e4llningen i samh\u00e4llet. Vi jobbar kostnadseffektivt genom noggrann planering och nyt\u00e4nkande arbetss\u00e4tt.<\/p>\n<p><\/p>\t\t\t\t\t\t<\/div>\n\t\t\t\t<\/div>\n\t\t\t\t\t<\/div>\n\t\t<\/div>\n\t\t\t\t\t\t\t<\/div>\n\t\t<\/section>\n\t\t\t\t<section class=\"elementor-section elementor-top-section elementor-element elementor-element-3e2bfc6 elementor-section-boxed elementor-section-height-default elementor-section-height-default\" data-id=\"3e2bfc6\" data-element_type=\"section\">\n\t\t\t\t\t\t<div class=\"elementor-container elementor-column-gap-default\">\n\t\t\t\t\t<div class=\"elementor-column elementor-col-100 elementor-top-column elementor-element elementor-element-b59dd62\" data-id=\"b59dd62\" data-element_type=\"column\">\n\t\t\t<div class=\"elementor-widget-wrap elementor-element-populated\">\n\t\t\t\t\t\t\t\t<div class=\"elementor-element elementor-element-02a487a elementor-widget elementor-widget-image\" data-id=\"02a487a\" data-element_type=\"widget\" data-widget_type=\"image.default\">\n\t\t\t\t<div class=\"elementor-widget-container\">\n\t\t\t<style>\/*! elementor - v3.7.8 - 02-10-2022 *\/\n.elementor-widget-image{text-align:center}.elementor-widget-image a{display:inline-block}.elementor-widget-image a img[src$=\".svg\"]{width:48px}.elementor-widget-image img{vertical-align:middle;display:inline-block}<\/style>\t\t\t\t\t\t\t\t\t\t\t\t<img width=\"1024\" height=\"683\" src=\"https:\/\/renewel.fi\/wp-content\/uploads\/2024\/08\/iStock-1455358887-1-1024x683.jpg\" class=\"attachment-large size-large\" alt=\"\" loading=\"lazy\" srcset=\"https:\/\/renewel.fi\/wp-content\/uploads\/2024\/08\/iStock-1455358887-1-1024x683.jpg 1024w, https:\/\/renewel.fi\/wp-content\/uploads\/2024\/08\/iStock-1455358887-1-300x200.jpg 300w, https:\/\/renewel.fi\/wp-content\/uploads\/2024\/08\/iStock-1455358887-1-768x512.jpg 768w, https:\/\/renewel.fi\/wp-content\/uploads\/2024\/08\/iStock-1455358887-1-1536x1024.jpg 1536w, https:\/\/renewel.fi\/wp-content\/uploads\/2024\/08\/iStock-1455358887-1-2048x1365.jpg 2048w, https:\/\/renewel.fi\/wp-content\/uploads\/2024\/08\/iStock-1455358887-1-18x12.jpg 18w\" sizes=\"(max-width: 1024px) 100vw, 1024px\" \/>\t\t\t\t\t\t\t\t\t\t\t\t\t\t\t<\/div>\n\t\t\t\t<\/div>\n\t\t\t\t\t<\/div>\n\t\t<\/div>\n\t\t\t\t\t\t\t<\/div>\n\t\t<\/section>\n\t\t\t\t\t\t\t<\/div>","protected":false},"excerpt":{"rendered":"<p>\u00a0 Kontakta oss Renewel Oy erbjuder vi tv\u00e5 modeller f\u00f6r byggande&nbsp;av solparker, anpassade efter v\u00e5ra kunders behov: EPC (Engineering, Procurement, Construction): I denna modell tar vi fullt ansvar f\u00f6r hela processen fr\u00e5n b\u00f6rjan till slut. Vi designar, planerar och bygger solparken och levererar en nyckelf\u00e4rdig anl\u00e4ggning till slutkunden. All fakturering fr\u00e5n underleverant\u00f6rer g\u00e5r genom oss, [&hellip;]<\/p>","protected":false},"author":1,"featured_media":0,"parent":0,"menu_order":0,"comment_status":"closed","ping_status":"closed","template":"","meta":[],"_links":{"self":[{"href":"https:\/\/renewel.fi\/fi\/wp-json\/wp\/v2\/pages\/161"}],"collection":[{"href":"https:\/\/renewel.fi\/fi\/wp-json\/wp\/v2\/pages"}],"about":[{"href":"https:\/\/renewel.fi\/fi\/wp-json\/wp\/v2\/types\/page"}],"author":[{"embeddable":true,"href":"https:\/\/renewel.fi\/fi\/wp-json\/wp\/v2\/users\/1"}],"replies":[{"embeddable":true,"href":"https:\/\/renewel.fi\/fi\/wp-json\/wp\/v2\/comments?post=161"}],"version-history":[{"count":349,"href":"https:\/\/renewel.fi\/fi\/wp-json\/wp\/v2\/pages\/161\/revisions"}],"predecessor-version":[{"id":1666,"href":"https:\/\/renewel.fi\/fi\/wp-json\/wp\/v2\/pages\/161\/revisions\/1666"}],"wp:attachment":[{"href":"https:\/\/renewel.fi\/fi\/wp-json\/wp\/v2\/media?parent=161"}],"curies":[{"name":"wp","href":"https:\/\/api.w.org\/{rel}","templated":true}]}}