{"id":1366,"date":"2024-08-22T09:23:44","date_gmt":"2024-08-22T09:23:44","guid":{"rendered":"https:\/\/renewel.fi\/?page_id=1366"},"modified":"2024-08-22T11:52:46","modified_gmt":"2024-08-22T11:52:46","slug":"om-oss","status":"publish","type":"page","link":"https:\/\/renewel.fi\/fi\/om-oss\/","title":{"rendered":"V\u00e5ra tj\u00e4nster"},"content":{"rendered":"<div data-elementor-type=\"wp-page\" data-elementor-id=\"1366\" class=\"elementor elementor-1366\">\n\t\t\t\t\t\t\t\t\t<section class=\"elementor-section elementor-top-section elementor-element elementor-element-5602b36 elementor-section-boxed elementor-section-height-default elementor-section-height-default\" data-id=\"5602b36\" data-element_type=\"section\">\n\t\t\t\t\t\t<div class=\"elementor-container elementor-column-gap-default\">\n\t\t\t\t\t<div class=\"elementor-column elementor-col-100 elementor-top-column elementor-element elementor-element-e9563e3\" data-id=\"e9563e3\" data-element_type=\"column\">\n\t\t\t<div class=\"elementor-widget-wrap elementor-element-populated\">\n\t\t\t\t\t\t\t\t<div class=\"elementor-element elementor-element-be07733 elementor-widget elementor-widget-heading\" data-id=\"be07733\" data-element_type=\"widget\" data-widget_type=\"heading.default\">\n\t\t\t\t<div class=\"elementor-widget-container\">\n\t\t\t<style>\/*! elementor - v3.7.8 - 02-10-2022 *\/\n.elementor-heading-title{padding:0;margin:0;line-height:1}.elementor-widget-heading .elementor-heading-title[class*=elementor-size-]>a{color:inherit;font-size:inherit;line-height:inherit}.elementor-widget-heading .elementor-heading-title.elementor-size-small{font-size:15px}.elementor-widget-heading .elementor-heading-title.elementor-size-medium{font-size:19px}.elementor-widget-heading .elementor-heading-title.elementor-size-large{font-size:29px}.elementor-widget-heading .elementor-heading-title.elementor-size-xl{font-size:39px}.elementor-widget-heading .elementor-heading-title.elementor-size-xxl{font-size:59px}<\/style><h2 class=\"elementor-heading-title elementor-size-xl\">V\u00e5ra tj\u00e4nster<\/h2>\t\t<\/div>\n\t\t\t\t<\/div>\n\t\t\t\t\t<\/div>\n\t\t<\/div>\n\t\t\t\t\t\t\t<\/div>\n\t\t<\/section>\n\t\t\t\t<section class=\"elementor-section elementor-top-section elementor-element elementor-element-6d1eb99 elementor-section-boxed elementor-section-height-default elementor-section-height-default\" data-id=\"6d1eb99\" data-element_type=\"section\">\n\t\t\t\t\t\t<div class=\"elementor-container elementor-column-gap-default\">\n\t\t\t\t\t<div class=\"elementor-column elementor-col-100 elementor-top-column elementor-element elementor-element-013baf9\" data-id=\"013baf9\" data-element_type=\"column\">\n\t\t\t<div class=\"elementor-widget-wrap elementor-element-populated\">\n\t\t\t\t\t\t\t\t<div class=\"elementor-element elementor-element-a41541a elementor-widget elementor-widget-spacer\" data-id=\"a41541a\" data-element_type=\"widget\" data-widget_type=\"spacer.default\">\n\t\t\t\t<div class=\"elementor-widget-container\">\n\t\t\t<style>\/*! elementor - v3.7.8 - 02-10-2022 *\/\n.elementor-column .elementor-spacer-inner{height:var(--spacer-size)}.e-container{--container-widget-width:100%}.e-container>.elementor-widget-spacer{width:var(--container-widget-width,var(--spacer-size));-ms-flex-item-align:stretch;align-self:stretch;-ms-flex-negative:0;flex-shrink:0}.e-container>.elementor-widget-spacer>.elementor-widget-container,.e-container>.elementor-widget-spacer>.elementor-widget-container>.elementor-spacer{height:100%}.e-container>.elementor-widget-spacer>.elementor-widget-container>.elementor-spacer>.elementor-spacer-inner{height:var(--container-widget-height,var(--spacer-size))}<\/style>\t\t<div class=\"elementor-spacer\">\n\t\t\t<div class=\"elementor-spacer-inner\"><\/div>\n\t\t<\/div>\n\t\t\t\t<\/div>\n\t\t\t\t<\/div>\n\t\t\t\t\t<\/div>\n\t\t<\/div>\n\t\t\t\t\t\t\t<\/div>\n\t\t<\/section>\n\t\t\t\t<section class=\"elementor-section elementor-top-section elementor-element elementor-element-9b465d5 elementor-section-boxed elementor-section-height-default elementor-section-height-default\" data-id=\"9b465d5\" data-element_type=\"section\">\n\t\t\t\t\t\t<div class=\"elementor-container elementor-column-gap-default\">\n\t\t\t\t\t<div class=\"elementor-column elementor-col-100 elementor-top-column elementor-element elementor-element-6887c3e\" data-id=\"6887c3e\" data-element_type=\"column\">\n\t\t\t<div class=\"elementor-widget-wrap elementor-element-populated\">\n\t\t\t\t\t\t\t\t<div class=\"elementor-element elementor-element-2bf3bc5 elementor-widget elementor-widget-heading\" data-id=\"2bf3bc5\" data-element_type=\"widget\" data-widget_type=\"heading.default\">\n\t\t\t\t<div class=\"elementor-widget-container\">\n\t\t\t<h2 class=\"elementor-heading-title elementor-size-large\">Vi bygger solparker<\/h2>\t\t<\/div>\n\t\t\t\t<\/div>\n\t\t\t\t\t<\/div>\n\t\t<\/div>\n\t\t\t\t\t\t\t<\/div>\n\t\t<\/section>\n\t\t\t\t<section class=\"elementor-section elementor-top-section elementor-element elementor-element-22948a2 elementor-section-boxed elementor-section-height-default elementor-section-height-default\" data-id=\"22948a2\" data-element_type=\"section\">\n\t\t\t\t\t\t<div class=\"elementor-container elementor-column-gap-default\">\n\t\t\t\t\t<div class=\"elementor-column elementor-col-100 elementor-top-column elementor-element elementor-element-30e8553\" data-id=\"30e8553\" data-element_type=\"column\">\n\t\t\t<div class=\"elementor-widget-wrap elementor-element-populated\">\n\t\t\t\t\t\t\t\t<div class=\"elementor-element elementor-element-1c8256b elementor-widget__width-inherit elementor-widget elementor-widget-text-editor\" data-id=\"1c8256b\" data-element_type=\"widget\" data-widget_type=\"text-editor.default\">\n\t\t\t\t<div class=\"elementor-widget-container\">\n\t\t\t<style>\/*! elementor - v3.7.8 - 02-10-2022 *\/\n.elementor-widget-text-editor.elementor-drop-cap-view-stacked .elementor-drop-cap{background-color:#818a91;color:#fff}.elementor-widget-text-editor.elementor-drop-cap-view-framed .elementor-drop-cap{color:#818a91;border:3px solid;background-color:transparent}.elementor-widget-text-editor:not(.elementor-drop-cap-view-default) .elementor-drop-cap{margin-top:8px}.elementor-widget-text-editor:not(.elementor-drop-cap-view-default) .elementor-drop-cap-letter{width:1em;height:1em}.elementor-widget-text-editor .elementor-drop-cap{float:left;text-align:center;line-height:1;font-size:50px}.elementor-widget-text-editor .elementor-drop-cap-letter{display:inline-block}<\/style>\t\t\t\t<p style=\"font-variant-ligatures: normal; font-variant-caps: normal; font-family: Asap, sans-serif; font-size: 14px; font-style: normal; font-weight: 400; text-align: center;\">Renewel erbjuder vi tv\u00e5 modeller f\u00f6r byggande<span style=\"font-family: Asap, sans-serif; font-size: 14px; font-style: normal; font-variant-ligatures: normal; font-variant-caps: normal; font-weight: 400; color: var( --e-global-color-text );\">\u00a0av solparker, anpassade efter v\u00e5ra kunders behov:<\/span><\/p><p style=\"font-variant-ligatures: normal; font-variant-caps: normal; font-family: Asap, sans-serif; font-size: 14px; font-style: normal; font-weight: 400; text-align: center;\">\u00a0<\/p><p style=\"font-variant-ligatures: normal; font-variant-caps: normal; font-family: Asap, sans-serif; font-size: 14px; font-style: normal; text-align: center;\"><b>EPC<\/b><span style=\"font-weight: 400;\"> (Engineering, Procurement, Construction): I denna modell tar vi fullt ansvar f\u00f6r hela processen fr\u00e5n b\u00f6rjan till slut. Vi designar, planerar och bygger solparken och levererar en nyckelf\u00e4rdig anl\u00e4ggning till slutkunden. All fakturering fr\u00e5n underleverant\u00f6rer g\u00e5r genom oss, vilket inneb\u00e4r att vi tar kostnadsansvar och garanterar att projektet levereras i tid och inom budget.<\/span><\/p><p style=\"font-variant-ligatures: normal; font-variant-caps: normal; font-family: Asap, sans-serif; font-size: 14px; font-style: normal; font-weight: 400; text-align: center;\">\u00a0<\/p><p style=\"font-variant-ligatures: normal; font-variant-caps: normal; font-family: Asap, sans-serif; font-size: 14px; font-style: normal; text-align: center;\"><b>EPCM<\/b><span style=\"font-weight: 400;\"> (Engineering, Procurement, Construction Management): H\u00e4r agerar vi som kundens f\u00f6rl\u00e4ngda arm, d\u00e4r vi leder och \u00f6vervakar projektet medan kunden beh\u00e5ller det ekonomiska ansvaret. Vi ser till att projektet genomf\u00f6rs effektivt och kostnadseffektivt. V\u00e5rt m\u00e5l \u00e4r att skapa ett samarbete d\u00e4r b\u00e5de vi och kunden har ett gemensamt intresse i att slutf\u00f6ra projektet framg\u00e5ngsrikt.<\/span><\/p>\t\t\t\t\t\t<\/div>\n\t\t\t\t<\/div>\n\t\t\t\t<div class=\"elementor-element elementor-element-d5a3eb1 elementor-widget elementor-widget-image\" data-id=\"d5a3eb1\" data-element_type=\"widget\" data-widget_type=\"image.default\">\n\t\t\t\t<div class=\"elementor-widget-container\">\n\t\t\t<style>\/*! elementor - v3.7.8 - 02-10-2022 *\/\n.elementor-widget-image{text-align:center}.elementor-widget-image a{display:inline-block}.elementor-widget-image a img[src$=\".svg\"]{width:48px}.elementor-widget-image img{vertical-align:middle;display:inline-block}<\/style>\t\t\t\t\t\t\t\t\t\t\t\t<img width=\"1000\" height=\"667\" src=\"https:\/\/renewel.fi\/wp-content\/uploads\/2023\/02\/Solar-Panels-Lightinus.jpg\" class=\"attachment-large size-large\" alt=\"solar panel\" loading=\"lazy\" srcset=\"https:\/\/renewel.fi\/wp-content\/uploads\/2023\/02\/Solar-Panels-Lightinus.jpg 1000w, https:\/\/renewel.fi\/wp-content\/uploads\/2023\/02\/Solar-Panels-Lightinus-300x200.jpg 300w, https:\/\/renewel.fi\/wp-content\/uploads\/2023\/02\/Solar-Panels-Lightinus-768x512.jpg 768w, https:\/\/renewel.fi\/wp-content\/uploads\/2023\/02\/Solar-Panels-Lightinus-18x12.jpg 18w\" sizes=\"(max-width: 1000px) 100vw, 1000px\" \/>\t\t\t\t\t\t\t\t\t\t\t\t\t\t\t<\/div>\n\t\t\t\t<\/div>\n\t\t\t\t\t<\/div>\n\t\t<\/div>\n\t\t\t\t\t\t\t<\/div>\n\t\t<\/section>\n\t\t\t\t\t\t\t<\/div>","protected":false},"excerpt":{"rendered":"<p>V\u00e5ra tj\u00e4nster Vi bygger solparker Renewel erbjuder vi tv\u00e5 modeller f\u00f6r byggande\u00a0av solparker, anpassade efter v\u00e5ra kunders behov: \u00a0 EPC (Engineering, Procurement, Construction): I denna modell tar vi fullt ansvar f\u00f6r hela processen fr\u00e5n b\u00f6rjan till slut. Vi designar, planerar och bygger solparken och levererar en nyckelf\u00e4rdig anl\u00e4ggning till slutkunden. All fakturering fr\u00e5n underleverant\u00f6rer g\u00e5r [&hellip;]<\/p>","protected":false},"author":1,"featured_media":0,"parent":0,"menu_order":0,"comment_status":"closed","ping_status":"closed","template":"","meta":[],"_links":{"self":[{"href":"https:\/\/renewel.fi\/fi\/wp-json\/wp\/v2\/pages\/1366"}],"collection":[{"href":"https:\/\/renewel.fi\/fi\/wp-json\/wp\/v2\/pages"}],"about":[{"href":"https:\/\/renewel.fi\/fi\/wp-json\/wp\/v2\/types\/page"}],"author":[{"embeddable":true,"href":"https:\/\/renewel.fi\/fi\/wp-json\/wp\/v2\/users\/1"}],"replies":[{"embeddable":true,"href":"https:\/\/renewel.fi\/fi\/wp-json\/wp\/v2\/comments?post=1366"}],"version-history":[{"count":88,"href":"https:\/\/renewel.fi\/fi\/wp-json\/wp\/v2\/pages\/1366\/revisions"}],"predecessor-version":[{"id":1605,"href":"https:\/\/renewel.fi\/fi\/wp-json\/wp\/v2\/pages\/1366\/revisions\/1605"}],"wp:attachment":[{"href":"https:\/\/renewel.fi\/fi\/wp-json\/wp\/v2\/media?parent=1366"}],"curies":[{"name":"wp","href":"https:\/\/api.w.org\/{rel}","templated":true}]}}